{"id":34,"date":"2014-06-19T12:51:53","date_gmt":"2014-06-19T11:51:53","guid":{"rendered":"https:\/\/www.domaine-feuillarde.com\/?page_id=34"},"modified":"2015-11-19T12:25:28","modified_gmt":"2015-11-19T11:25:28","slug":"the-winery","status":"publish","type":"page","link":"https:\/\/www.domaine-feuillarde.com\/en\/the-winery\/","title":{"rendered":"The winery"},"content":{"rendered":"<p class=\"code\"><div class=\"row\">\n<p class=\"code\"><div class=\"col-xs-12 col-sm-6\">\n<figure id=\"attachment_299\" class=\"thumbnail wp-caption alignleft\" style=\"max-width: 214px\"><a href=\"\/en\/charte-vignerons-independants\/\"><img loading=\"lazy\" decoding=\"async\" class=\"wp-image-299 size-full img-responsive\" src=\"https:\/\/www.domaine-feuillarde.com\/wp-content\/uploads\/2014\/06\/vignerons-independants.png\" alt=\"Vignerons independants\" width=\"204\" height=\"289\" srcset=\"https:\/\/www.domaine-feuillarde.com\/wp-content\/uploads\/2014\/06\/vignerons-independants.png 204w, https:\/\/www.domaine-feuillarde.com\/wp-content\/uploads\/2014\/06\/vignerons-independants-105x150.png 105w\" sizes=\"auto, (max-width: 204px) 100vw, 204px\" \/><\/a><figcaption class=\"caption wp-caption-text\">Clic on independant winemaker<\/figcaption><\/figure>\n<p>Located next to the village of Priss\u00e9, on the Southern borders of Burgundy, the Domaine de la Feuillarde produces wines of character.<\/p>\n<p><strong>Jean -Marie THOMAS<\/strong> became the owner of the estate in 1934.The domain enjoys an ideal location since it is situated on the gentle hillsides of the M\u00e2connais vineyard, at a height of 250 meters, with a South to South-East exposure.<\/p>\n<p>&nbsp;<\/p>\n<p>The vineyard looks like a golden belt surrounding the estate. It spreads over<strong> 20 hectares<\/strong>. The estate also has 2 hectares of the prestigious Pouilly-Fuiss\u00e9 in the neighbouring village of Vergisson. Here, Chardonnay is grown almost everywhere, since there are also 2 hectares of Gamay and 1 hectare of Pinot.<\/p>\n<p>&nbsp;<\/p>\n<p>\u00a0<strong>The main production is the Saint-V\u00e9ran : a delicate, elegant wine.<\/strong><br \/>3 different Saint-V\u00e9ran are available : the well-balanced, aromatic Saint-V\u00e9ran; the Saint-V\u00e9ran Vieilles Vignes : generous and full-bodied, coming from 65 year-old vines; and the Saint-V\u00e9ran vintage &#8220;Prestige&#8221; : partly aged in oak casks.<\/p>\n<p class=\"code\"><\/p><\/div><\/p>\n<p class=\"code\"><div class=\"col-xs-12 col-sm-6\">\n<figure id=\"attachment_729\" class=\"thumbnail wp-caption alignnone\" style=\"max-width: 580px\"><a href=\"https:\/\/www.domaine-feuillarde.com\/wp-content\/uploads\/2014\/06\/grands-parents.jpg\"><img loading=\"lazy\" decoding=\"async\" class=\"wp-image-729 size-full img-responsive\" src=\"https:\/\/www.domaine-feuillarde.com\/wp-content\/uploads\/2014\/06\/grands-parents.jpg\" alt=\"Jean-Marie Thomas et Claudine Rogeat \u00e9pouse Thomas\" width=\"570\" height=\"414\" srcset=\"https:\/\/www.domaine-feuillarde.com\/wp-content\/uploads\/2014\/06\/grands-parents.jpg 570w, https:\/\/www.domaine-feuillarde.com\/wp-content\/uploads\/2014\/06\/grands-parents-150x108.jpg 150w\" sizes=\"auto, (max-width: 570px) 100vw, 570px\" \/><\/a><figcaption class=\"caption wp-caption-text\">Jean-Marie Thomas et Claudine Rogeat \u00e9pouse Thomas<\/figcaption><\/figure>\n<p>&nbsp;<\/p>\n<p>The Domaine de la Feuillarde carries on with the tradition of hand-picking and thus brings together the lovers of wine and those of nature for a special moment.<br \/>The estate stands out thanks to skillful blendings and experienced winemaking.<\/p>\n<p><\/p><\/div><\/p>\n<p><\/p><\/div><\/p>\n","protected":false},"excerpt":{"rendered":"","protected":false},"author":1,"featured_media":0,"parent":0,"menu_order":0,"comment_status":"closed","ping_status":"closed","template":"domaine.php","meta":{"footnotes":""},"class_list":["post-34","page","type-page","status-publish","hentry"],"_links":{"self":[{"href":"https:\/\/www.domaine-feuillarde.com\/en\/wp-json\/wp\/v2\/pages\/34","targetHints":{"allow":["GET"]}}],"collection":[{"href":"https:\/\/www.domaine-feuillarde.com\/en\/wp-json\/wp\/v2\/pages"}],"about":[{"href":"https:\/\/www.domaine-feuillarde.com\/en\/wp-json\/wp\/v2\/types\/page"}],"author":[{"embeddable":true,"href":"https:\/\/www.domaine-feuillarde.com\/en\/wp-json\/wp\/v2\/users\/1"}],"replies":[{"embeddable":true,"href":"https:\/\/www.domaine-feuillarde.com\/en\/wp-json\/wp\/v2\/comments?post=34"}],"version-history":[{"count":13,"href":"https:\/\/www.domaine-feuillarde.com\/en\/wp-json\/wp\/v2\/pages\/34\/revisions"}],"predecessor-version":[{"id":876,"href":"https:\/\/www.domaine-feuillarde.com\/en\/wp-json\/wp\/v2\/pages\/34\/revisions\/876"}],"wp:attachment":[{"href":"https:\/\/www.domaine-feuillarde.com\/en\/wp-json\/wp\/v2\/media?parent=34"}],"curies":[{"name":"wp","href":"https:\/\/api.w.org\/{rel}","templated":true}]}}