{"id":36,"date":"2014-06-19T13:07:48","date_gmt":"2014-06-19T12:07:48","guid":{"rendered":"https:\/\/www.domaine-feuillarde.com\/?page_id=36"},"modified":"2015-11-19T11:25:08","modified_gmt":"2015-11-19T10:25:08","slug":"home-2","status":"publish","type":"page","link":"https:\/\/www.domaine-feuillarde.com\/en\/","title":{"rendered":"Home"},"content":{"rendered":"<h1 style=\"text-align: center;\">Domaine de la Feuillarde, <strong>depuis 1934, l\u2019h\u00e9ritage d\u2019un savoir-faire<\/strong><\/h1>\n<p>Located in Burgundy, in the heart of the M\u00e2connais area, in the village of Priss\u00e9, the La Feuillarde estate produces a complete range of white and red wines that you won&#8217;t forget : The Saint V\u00e9ran, Pouilly Fuiss\u00e9, M\u00e2con Priss\u00e9, Bourgogne and Cr\u00e9mant (Burgundy sparkling wine) will present you with a wide range of aromas and of constantly renewed pleasures. Come and meet us in the M\u00e2connais ! Come and taste wines which are made and bottled on the property !<br \/>Domaine de la Feuillarde : Experience over the years !<\/p>\n","protected":false},"excerpt":{"rendered":"<p>Domaine de la Feuillarde, depuis 1934, l\u2019h\u00e9ritage d\u2019un savoir-faire Located in Burgundy, in the heart of the M\u00e2connais area, in the village of Priss\u00e9, the &hellip; <a href=\"https:\/\/www.domaine-feuillarde.com\/en\/\">Continued<\/a><\/p>\n","protected":false},"author":1,"featured_media":0,"parent":0,"menu_order":-1,"comment_status":"closed","ping_status":"open","template":"accueil.php","meta":{"footnotes":""},"class_list":["post-36","page","type-page","status-publish","hentry"],"_links":{"self":[{"href":"https:\/\/www.domaine-feuillarde.com\/en\/wp-json\/wp\/v2\/pages\/36","targetHints":{"allow":["GET"]}}],"collection":[{"href":"https:\/\/www.domaine-feuillarde.com\/en\/wp-json\/wp\/v2\/pages"}],"about":[{"href":"https:\/\/www.domaine-feuillarde.com\/en\/wp-json\/wp\/v2\/types\/page"}],"author":[{"embeddable":true,"href":"https:\/\/www.domaine-feuillarde.com\/en\/wp-json\/wp\/v2\/users\/1"}],"replies":[{"embeddable":true,"href":"https:\/\/www.domaine-feuillarde.com\/en\/wp-json\/wp\/v2\/comments?post=36"}],"version-history":[{"count":2,"href":"https:\/\/www.domaine-feuillarde.com\/en\/wp-json\/wp\/v2\/pages\/36\/revisions"}],"predecessor-version":[{"id":847,"href":"https:\/\/www.domaine-feuillarde.com\/en\/wp-json\/wp\/v2\/pages\/36\/revisions\/847"}],"wp:attachment":[{"href":"https:\/\/www.domaine-feuillarde.com\/en\/wp-json\/wp\/v2\/media?parent=36"}],"curies":[{"name":"wp","href":"https:\/\/api.w.org\/{rel}","templated":true}]}}