{"id":394,"date":"2014-07-28T10:18:01","date_gmt":"2014-07-28T09:18:01","guid":{"rendered":"https:\/\/www.domaine-feuillarde.com\/?page_id=394"},"modified":"2015-11-19T11:29:44","modified_gmt":"2015-11-19T10:29:44","slug":"legals-informations","status":"publish","type":"page","link":"https:\/\/www.domaine-feuillarde.com\/en\/legals-informations\/","title":{"rendered":"Legals informations"},"content":{"rendered":"<h2>Editeur<\/h2>\n<p>Ce site est \u00e9dit\u00e9 par Le Domaine de la Feuillarde,\u00a0<br \/>EARL\u00a0au capital de\u00a083.846,96 Euros\u00a0<br \/>Si\u00e8ge social : 71960 Priss\u00e9 <br \/>RCS M\u00e2con D 419 296 694<\/p>\n<p>Responsable de la publication Lucien Thomas<br \/><strong><br \/><\/strong><\/p>\n<div class=\"row\"><div class=\"col-sm-6\">\n<h2>Agence Web :\u00a0<\/h2>\n<p><strong><a title=\"Agence web et mobile en Bourgogne\" href=\"http:\/\/www.misterharry.fr\" target=\"_blank\">Mister Harry<\/a><\/strong><br \/>2, rue Tilsit &#8211; 71700 TOURNUS\u00a0<br \/>T\u00e9l.: 03 85 51 10 00 &#8211; Fax : 09 70 06 88 06<br \/>Mail :\u00a0<a href=\"mailto:commercial@misterharry.fr\">commercial@misterharry.fr<\/a><\/p>\n<p><\/p><\/div><div class=\"col-sm-6\">\n<h2>H\u00e9bergeur :<\/h2>\n<p><strong>GANDI<\/strong><br \/>15 place de la Nation &#8211; 75011 FRANCE<br \/>T\u00e9l.: +33.(0) 1 70.37.76.61<\/p>\n<p><\/p><\/div><\/div>\n<h2>Informatiques &amp; Libert\u00e9s\u00a0\u00a0<\/h2>\n<p>Vous disposez d\u2019un droit d\u2019acc\u00e8s, de modification, de rectification et de suppression des donn\u00e9es qui vous concernent (art. 34 de la loi 78-17 du 6\/01\/1978 relative \u00e0 l\u2019Informatique, aux fichiers et aux libert\u00e9s).\u00a0<br \/>Vous pouvez exercer ce droit en nous \u00e9crivant par mail \u00e0 <a href=\"mailto:contact@domaine-feuillarde.com\">contact@domaine-feuillarde.com<\/a> ou \u00e0 l\u2019 adresse suivante : Domaine de la Feuillarde &#8211; 71960 Priss\u00e9 . T\u00e9l : 03 85 34 54 45.<\/p>\n<p>&nbsp;<\/p>\n<h2>Conditions d\u2019utilisation du site<\/h2>\n<p><strong>1.\u00a0<\/strong>Le pr\u00e9sent site Web et l\u2019ensemble de son contenu, y compris textes, images fixes ou anim\u00e9es, bases de donn\u00e9es, programmes, langages, etc.,nomm\u00e9 ci-apr\u00e8s le Site Web, est prot\u00e9g\u00e9 par le droit d\u2019auteur. L\u2019autorisation de reproduction ne vous est conc\u00e9d\u00e9e que sous forme num\u00e9rique en consultation. L\u2019impression papier est autoris\u00e9e aux fins de copie priv\u00e9e \u00e0 l\u2019usage exclusif du copiste au sens de l\u2019article L. 122-5 2\u00b0 du Code de la Propri\u00e9t\u00e9 Intellectuelle.<\/p>\n<p><strong>2.<\/strong>\u00a0Les informations contenues dans le pr\u00e9sent site Web sont donn\u00e9es \u00e0 titre indicatif et sont sujettes \u00e0 changement sans pr\u00e9avis. Nous ne pouvons garantir l\u2019exactitude des informations qu\u2019il contient, ni le fonctionnement du site Web dans tous les cas de figure.<\/p>\n<p><strong>3.\u00a0<\/strong>Nous n\u2019assumons aucune responsabilit\u00e9 relative aux informations contenues et \u00e0 l\u2019existence ou la disponibilit\u00e9 de toute offre mentionn\u00e9e dans le pr\u00e9sent site Web et d\u00e9cline toute responsabilit\u00e9 d\u00e9coulant d\u2019une n\u00e9gligence ou autre concernant ces informations.<\/p>\n<p>&nbsp;<\/p>\n<h2>Droits de propri\u00e9t\u00e9 Intellectuelle<\/h2>\n<p>L\u2019ensemble des \u00e9l\u00e9ments de ce site est prot\u00e9g\u00e9 par copyright \u00a9 \u2013 tous droits r\u00e9serv\u00e9s.\u00a0<br \/>Tous les \u00e9l\u00e9ments de propri\u00e9t\u00e9 intellectuelle, marques, noms commerciaux et logos sont la propri\u00e9t\u00e9 du Domaine de la Feuillarde, sauf mentions contraires. Toute reproduction du pr\u00e9sent site Web est interdite.\u00a0<br \/>Les dessins, photographies, images, textes, s\u00e9quences anim\u00e9es sonores ou non, et autres documentations repr\u00e9sent\u00e9es sur le pr\u00e9sent site internet sont objet de droits de propri\u00e9t\u00e9 industrielle et\/ou intellectuelle, propri\u00e9t\u00e9s du Domaine de la Feuillarde, . A ce titre, toute reproduction, repr\u00e9sentation, adaptation, traduction, et\/ou transformation, partielle ou int\u00e9grale, ou transfert sur un autre site sont interdits. La copie \u00e0 usage priv\u00e9 de ces diff\u00e9rents objets de droit est autoris\u00e9e moyennant mention de la source.<\/p>\n<p>Les renseignements et pr\u00e9sentations contenus dans les pages de ce site sont fournis \u00e0 titre purement indicatif et restent susceptibles de modifications \u00e0 tout moment et sans pr\u00e9avis. Leur utilisation \u00e0 des fins priv\u00e9es ou professionnelles ne saurait engager la responsabilit\u00e9 du Domaine de la Feuillarde, de quelque mani\u00e8re que ce soit. Le Domaine de la Feuillarde, ne peut garantir l\u2019exactitude, la pr\u00e9cision ou l\u2019exhaustivit\u00e9 des informations mises \u00e0 disposition sur ce site; les photos ne sont pas contractuelles.\u00a0<\/p>\n<p>&nbsp;<\/p>\n<h2>Liens hypertextes<\/h2>\n<p>La pr\u00e9sence de liens hypertexte renvoyant vers d\u2019autres sites ne constitue pas une garantie sur la qualit\u00e9 de contenu et de bon fonctionnement desdits sites. Notre responsabilit\u00e9 ne saurait \u00eatre engag\u00e9e quant au contenu de ces sites. L\u2019internaute doit utiliser ces informations avec les pr\u00e9cautions d\u2019usage.\u00a0<\/p>\n<p>La cr\u00e9ation de liens hypertexte vers nos sites est soumise \u00e0 notre accord pr\u00e9alable. Dans le cas de la cr\u00e9ation d\u2019un lien hypertexte vers nos sites qui n\u2019aurait pas fait l\u2019objet d\u2019un accord pr\u00e9alable, nous nous r\u00e9servons le droit d\u2019exiger \u00e0 tout moment le retrait dudit lien hypertexte pointant sur nos sites.<\/p>\n","protected":false},"excerpt":{"rendered":"<p>Editeur Ce site est \u00e9dit\u00e9 par Le Domaine de la Feuillarde,\u00a0EARL\u00a0au capital de\u00a083.846,96 Euros\u00a0Si\u00e8ge social : 71960 Priss\u00e9 RCS M\u00e2con D 419 296 694 Responsable &hellip; <a href=\"https:\/\/www.domaine-feuillarde.com\/en\/legals-informations\/\">Continued<\/a><\/p>\n","protected":false},"author":1,"featured_media":0,"parent":0,"menu_order":0,"comment_status":"closed","ping_status":"closed","template":"template-custom.php","meta":{"footnotes":""},"class_list":["post-394","page","type-page","status-publish","hentry"],"_links":{"self":[{"href":"https:\/\/www.domaine-feuillarde.com\/en\/wp-json\/wp\/v2\/pages\/394","targetHints":{"allow":["GET"]}}],"collection":[{"href":"https:\/\/www.domaine-feuillarde.com\/en\/wp-json\/wp\/v2\/pages"}],"about":[{"href":"https:\/\/www.domaine-feuillarde.com\/en\/wp-json\/wp\/v2\/types\/page"}],"author":[{"embeddable":true,"href":"https:\/\/www.domaine-feuillarde.com\/en\/wp-json\/wp\/v2\/users\/1"}],"replies":[{"embeddable":true,"href":"https:\/\/www.domaine-feuillarde.com\/en\/wp-json\/wp\/v2\/comments?post=394"}],"version-history":[{"count":1,"href":"https:\/\/www.domaine-feuillarde.com\/en\/wp-json\/wp\/v2\/pages\/394\/revisions"}],"predecessor-version":[{"id":395,"href":"https:\/\/www.domaine-feuillarde.com\/en\/wp-json\/wp\/v2\/pages\/394\/revisions\/395"}],"wp:attachment":[{"href":"https:\/\/www.domaine-feuillarde.com\/en\/wp-json\/wp\/v2\/media?parent=394"}],"curies":[{"name":"wp","href":"https:\/\/api.w.org\/{rel}","templated":true}]}}