{"id":442,"date":"2018-07-10T10:37:25","date_gmt":"2018-07-10T09:37:25","guid":{"rendered":"https:\/\/www.domaine-feuillarde.com\/?page_id=442"},"modified":"2026-01-08T11:50:16","modified_gmt":"2026-01-08T10:50:16","slug":"bourgogne-rouge","status":"publish","type":"page","link":"https:\/\/www.domaine-feuillarde.com\/en\/our-wines\/bourgogne-rouge\/","title":{"rendered":"Bourgogne rouge 2023"},"content":{"rendered":"<div class=\"row\"><br \/>\n<div class=\"col-sm-8\">\n<p class=\"encart_caveau\">Nez typ\u00e9 pinot, confiture et groseille, robe peu \u00e9volu\u00e9e et concentr\u00e9, bouche plaisante ronde et structur\u00e9e l\u00e9g\u00e8rement grill\u00e9.<\/p>\n<p><a href=\"https:\/\/www.domaine-feuillarde.com\/wp-content\/uploads\/2026\/01\/bourgogne-rouge2023.jpg\"><img loading=\"lazy\" decoding=\"async\" class=\"aligncenter wp-image-1383 size-medium img-responsive\" src=\"https:\/\/www.domaine-feuillarde.com\/wp-content\/uploads\/2026\/01\/bourgogne-rouge2023.jpg\" alt=\"\" width=\"600\" height=\"434\" \/><\/a><\/p>\n<p>&nbsp;<\/p>\n<p>&nbsp;<\/p>\n<div style=\"clear: both;\">\u00a0<\/div>\n<table>\n<tbody>\n<tr>\n<th><em> Vine location:<\/em><\/th>\n<td>village of Priss\u00e9.<\/td>\n<\/tr>\n<tr>\n<th><em>Type of soil: <\/em><\/th>\n<td>Clay and limestone<\/td>\n<\/tr>\n<tr>\n<th><em>Exposure:<\/em><\/th>\n<td>The estate benefits from a privileged south to south-west exposure.<\/td>\n<\/tr>\n<tr>\n<th><em>Grape variety: <\/em><\/th>\n<td>100% PINOT NOIR.<\/td>\n<\/tr>\n<tr>\n<th><em> Vine age:<\/em><\/th>\n<td>50 years old on average.<\/td>\n<\/tr>\n<tr>\n<th><em>Training system:<\/em><\/th>\n<td><span class=\"textgras\">Simple Guyot with 4 to 5 buds. Disbudding, green harvest, soil ploughing around the end of July , natural fertilizing . <b>Our vine-growing approach obeys 2 principles :<br \/>\n&#8211; an environmentally-concerned agriculture.<br \/>\n&#8211; a rational pest control. <\/b>. <\/span><\/td>\n<\/tr>\n<tr>\n<th><em> Harvest: <\/em><\/th>\n<td>Hand-picking, careful selection in the vines first and second at the winery if necessary.<\/td>\n<\/tr>\n<tr>\n<th><em>Winemaking: <\/em><\/th>\n<td>fully traditional winemaking. The grapes are destemmed before they are transferred to the vats by gravity. Punching of the cap and pumping-over are carried out daily.<\/td>\n<\/tr>\n<tr>\n<th><em>Characteristics: <\/em><\/th>\n<td>rounded wine whose tannins express themselves fully on the palate, revealing finesse, softness and harmony. Red fruit undertones ( mostly raspberry).<\/td>\n<\/tr>\n<tr>\n<th><em>Cellar storing: <\/em><\/th>\n<td>3 to 5 years.<\/td>\n<\/tr>\n<tr>\n<th><em>Food and wine match:<\/em><\/th>\n<td>perfect to accompany a meal from beginning to end. Charcuterie ( = cooked pork meats), jambon et saucisson de pays (= regional pork ham and regional pork sausage), poultry : duck, guinea fowl, roasted meat and cheese matured in a cellar. Should be served between 14 and 16\u00b0 C.<\/td>\n<\/tr>\n<\/tbody>\n<\/table>\n<p><\/p><\/div><br \/>\n<div class=\"col-sm-4\">\n<p><a href=\"https:\/\/www.domaine-feuillarde.com\/wp-content\/uploads\/2014\/06\/bourgogne-rouge1.jpg\"><img loading=\"lazy\" decoding=\"async\" id=\"irc_mi\" src=\"https:\/\/default8988.blob.core.windows.net\/cmsfiles\/227\/Article\/15286\/2f5a1e9c-577a-4b7c-928e-ee02b67d34d1-big.jpg\" alt=\"R\u00e9sultat de recherche d'images pour &quot;gilbert et gaillard medaille argent 2019&quot;\" width=\"136\" height=\"137\" data-iml=\"1559034276917\" \/><img loading=\"lazy\" decoding=\"async\" class=\"aligncenter wp-image-323 size-medium img-responsive\" src=\"https:\/\/www.domaine-feuillarde.com\/wp-content\/uploads\/2014\/06\/bourgogne-rouge1-176x500.jpg\" alt=\"Bourgogne rouge \" width=\"176\" height=\"500\" srcset=\"https:\/\/www.domaine-feuillarde.com\/wp-content\/uploads\/2014\/06\/bourgogne-rouge1-176x500.jpg 176w, https:\/\/www.domaine-feuillarde.com\/wp-content\/uploads\/2014\/06\/bourgogne-rouge1.jpg 300w\" sizes=\"auto, (max-width: 176px) 100vw, 176px\" \/><\/a><\/p>\n<p><\/p><\/div><br \/>\n<\/div>\n","protected":false},"excerpt":{"rendered":"","protected":false},"author":1,"featured_media":0,"parent":440,"menu_order":0,"comment_status":"closed","ping_status":"closed","template":"vins.php","meta":{"footnotes":""},"class_list":["post-442","page","type-page","status-publish","hentry"],"_links":{"self":[{"href":"https:\/\/www.domaine-feuillarde.com\/en\/wp-json\/wp\/v2\/pages\/442","targetHints":{"allow":["GET"]}}],"collection":[{"href":"https:\/\/www.domaine-feuillarde.com\/en\/wp-json\/wp\/v2\/pages"}],"about":[{"href":"https:\/\/www.domaine-feuillarde.com\/en\/wp-json\/wp\/v2\/types\/page"}],"author":[{"embeddable":true,"href":"https:\/\/www.domaine-feuillarde.com\/en\/wp-json\/wp\/v2\/users\/1"}],"replies":[{"embeddable":true,"href":"https:\/\/www.domaine-feuillarde.com\/en\/wp-json\/wp\/v2\/comments?post=442"}],"version-history":[{"count":28,"href":"https:\/\/www.domaine-feuillarde.com\/en\/wp-json\/wp\/v2\/pages\/442\/revisions"}],"predecessor-version":[{"id":1771,"href":"https:\/\/www.domaine-feuillarde.com\/en\/wp-json\/wp\/v2\/pages\/442\/revisions\/1771"}],"up":[{"embeddable":true,"href":"https:\/\/www.domaine-feuillarde.com\/en\/wp-json\/wp\/v2\/pages\/440"}],"wp:attachment":[{"href":"https:\/\/www.domaine-feuillarde.com\/en\/wp-json\/wp\/v2\/media?parent=442"}],"curies":[{"name":"wp","href":"https:\/\/api.w.org\/{rel}","templated":true}]}}