{"id":462,"date":"2023-08-28T11:39:42","date_gmt":"2023-08-28T10:39:42","guid":{"rendered":"https:\/\/www.domaine-feuillarde.com\/?page_id=462"},"modified":"2025-05-21T09:41:52","modified_gmt":"2025-05-21T08:41:52","slug":"macon-prisse-rouge","status":"publish","type":"page","link":"https:\/\/www.domaine-feuillarde.com\/en\/our-wines\/macon-prisse-rouge\/","title":{"rendered":"M\u00e2con-Priss\u00e9 rouge 2023"},"content":{"rendered":"<div class=\"row\"><br \/>\n<div class=\"col-sm-8\">\n<p class=\"encart_caveau\">Belle robe grenat, nez de fruits frais, fraise et cassis, bouche ronde avec des tanins bien pr\u00e9sents.<\/p>\n<p>\u00a0<a href=\"https:\/\/www.domaine-feuillarde.com\/wp-content\/uploads\/2025\/05\/macon-prisse-rouge-2023.jpg\"><img loading=\"lazy\" decoding=\"async\" class=\"aligncenter wp-image-1380 size-medium img-responsive\" src=\"https:\/\/www.domaine-feuillarde.com\/wp-content\/uploads\/2025\/05\/macon-prisse-rouge-2023.jpg\" alt=\"\" width=\"600\" height=\"436\" \/><\/a><\/p>\n<p>&nbsp;<\/p>\n<table>\n<tbody>\n<tr>\n<th><em>Vigne :<\/em><\/th>\n<td>Commune de PRISSE<\/td>\n<\/tr>\n<tr>\n<th><em>Nature du sol : <\/em><\/th>\n<td>Sol argilo-granitique et calcaire.<\/td>\n<\/tr>\n<tr>\n<th><em>Exposition :<\/em><\/th>\n<td>Sud-ouest en coteau et plateau avec un ensoleillement maximum.<\/td>\n<\/tr>\n<tr>\n<th><em>C\u00e9page : <\/em><\/th>\n<td>100% GAMAY noir \u00e0 jus blanc.<\/td>\n<\/tr>\n<tr>\n<th><em>Age :<\/em><\/th>\n<td>Age moyen40 ans.<\/td>\n<\/tr>\n<tr>\n<th><em>Conduite de la vigne :<\/em><\/th>\n<td>Guyot simple, 4 \u00e0 5 yeux, vendange en vert, travail du sol, apport organique. <span class=\"textgras\">Tous nos vins sont issus d&#8217;une agriculture respectueuse dans le cadre d&#8217;une protection raisonn\u00e9e <\/span><\/td>\n<\/tr>\n<tr>\n<th><em>R\u00e9colte : <\/em><\/th>\n<td>Tri soigneux de la vigne et une seconde fois au cuvage si n\u00e9cessaire. Vendange manuelle, r\u00e9ception des raisins par gravit\u00e9.<\/td>\n<\/tr>\n<tr>\n<th><em>Vinification : <\/em><\/th>\n<td>Fermentation semi-carbonique en cuve b\u00e9ton pendant 6 \u00e0 8 jours \u00e0 temp\u00e9rature contr\u00f4l\u00e9e 28 \u00e0 30\u00b0 remontage r\u00e9gulier. Apr\u00e8s d\u00e9cuvage et pressurage fin de fermentation \u00e0 20\u00b0.<\/td>\n<\/tr>\n<tr>\n<th><em>Caract\u00e9ristique : <\/em><\/th>\n<td>Robe rubis fonc\u00e9 avec des reflets violac\u00e9s. Ar\u00f4mes de petits fruits rouges cassis, framboises avec des nuances \u00e9pic\u00e9es. Vin rond dont les tanins sont bien murs, r\u00e9v\u00e8lent une structure charnue et velout\u00e9e.<\/td>\n<\/tr>\n<tr>\n<th>Harmonie vins \/mets :<\/th>\n<td>Servi l\u00e9g\u00e8rement frais 14 \u00e0 15\u00b0.Charcuterie, grillades, viandes r\u00f4ties, fromages \u00e0 saveurs douces.<\/td>\n<\/tr>\n<\/tbody>\n<\/table>\n<p><\/p><\/div><br \/>\n<div class=\"col-sm-4\">\n<p>&nbsp;<\/p>\n<p>&nbsp;<\/p>\n<p>&nbsp;<\/p>\n<p><a href=\"https:\/\/www.domaine-feuillarde.com\/wp-content\/uploads\/2014\/06\/macon-prisse-rouge1.jpg\"><img loading=\"lazy\" decoding=\"async\" class=\"aligncenter wp-image-327 size-medium img-responsive\" src=\"https:\/\/www.domaine-feuillarde.com\/wp-content\/uploads\/2014\/06\/macon-prisse-rouge1-176x500.jpg\" alt=\"M\u00e2con-Priss\u00e9 rouge\" width=\"176\" height=\"500\" srcset=\"https:\/\/www.domaine-feuillarde.com\/wp-content\/uploads\/2014\/06\/macon-prisse-rouge1-176x500.jpg 176w, https:\/\/www.domaine-feuillarde.com\/wp-content\/uploads\/2014\/06\/macon-prisse-rouge1.jpg 300w\" sizes=\"auto, (max-width: 176px) 100vw, 176px\" \/><\/a><\/p>\n<p><\/p><\/div><br \/>\n<\/div>\n","protected":false},"excerpt":{"rendered":"","protected":false},"author":1,"featured_media":0,"parent":440,"menu_order":0,"comment_status":"closed","ping_status":"closed","template":"vins.php","meta":{"footnotes":""},"class_list":["post-462","page","type-page","status-publish","hentry"],"_links":{"self":[{"href":"https:\/\/www.domaine-feuillarde.com\/en\/wp-json\/wp\/v2\/pages\/462","targetHints":{"allow":["GET"]}}],"collection":[{"href":"https:\/\/www.domaine-feuillarde.com\/en\/wp-json\/wp\/v2\/pages"}],"about":[{"href":"https:\/\/www.domaine-feuillarde.com\/en\/wp-json\/wp\/v2\/types\/page"}],"author":[{"embeddable":true,"href":"https:\/\/www.domaine-feuillarde.com\/en\/wp-json\/wp\/v2\/users\/1"}],"replies":[{"embeddable":true,"href":"https:\/\/www.domaine-feuillarde.com\/en\/wp-json\/wp\/v2\/comments?post=462"}],"version-history":[{"count":30,"href":"https:\/\/www.domaine-feuillarde.com\/en\/wp-json\/wp\/v2\/pages\/462\/revisions"}],"predecessor-version":[{"id":1742,"href":"https:\/\/www.domaine-feuillarde.com\/en\/wp-json\/wp\/v2\/pages\/462\/revisions\/1742"}],"up":[{"embeddable":true,"href":"https:\/\/www.domaine-feuillarde.com\/en\/wp-json\/wp\/v2\/pages\/440"}],"wp:attachment":[{"href":"https:\/\/www.domaine-feuillarde.com\/en\/wp-json\/wp\/v2\/media?parent=462"}],"curies":[{"name":"wp","href":"https:\/\/api.w.org\/{rel}","templated":true}]}}