{"id":468,"date":"2023-08-28T11:03:38","date_gmt":"2023-08-28T10:03:38","guid":{"rendered":"https:\/\/www.domaine-feuillarde.com\/?page_id=468"},"modified":"2025-05-21T09:38:31","modified_gmt":"2025-05-21T08:38:31","slug":"pouilly-fuisse-cuvee-tradition","status":"publish","type":"page","link":"https:\/\/www.domaine-feuillarde.com\/en\/our-wines\/pouilly-fuisse-cuvee-tradition\/","title":{"rendered":"Pouilly-Fuiss\u00e9 Cuv\u00e9e Tradition 2024"},"content":{"rendered":"<div class=\"row\"><br \/>\n<div class=\"col-sm-8\">\n<p class=\"encart_caveau\">Nez complexe, \u00e9quilibr\u00e9 et structur\u00e9<br \/>\nAttaque vive et franche, bonne longueur en bouche.<\/p>\n<p><a href=\"https:\/\/www.domaine-feuillarde.com\/wp-content\/uploads\/2025\/05\/pouilly-fuisse-cuvee-tradition-2024.jpg\"><img loading=\"lazy\" decoding=\"async\" class=\"aligncenter wp-image-1374 size-medium img-responsive\" src=\"https:\/\/www.domaine-feuillarde.com\/wp-content\/uploads\/2025\/05\/pouilly-fuisse-cuvee-tradition-2024.jpg\" alt=\"\" width=\"600\" height=\"430\" \/><\/a><\/p>\n<p>&nbsp;<\/p>\n<div style=\"clear: both;\">\u00a0<\/div>\n<table>\n<tbody>\n<tr>\n<th><em> Vine location:<\/em><\/th>\n<td>village of Vergisson.<\/td>\n<\/tr>\n<tr>\n<th><em>Type of soil: <\/em><\/th>\n<td>Jurassic clay and limestone, stony.<\/td>\n<\/tr>\n<tr>\n<th><em>Exposure:<\/em><\/th>\n<td>8 plots spreading over the village, due south, west, east.<\/td>\n<\/tr>\n<tr>\n<th><em>Grape variety: <\/em><\/th>\n<td>100% Chardonnay.<\/td>\n<\/tr>\n<tr>\n<th><em> Vine age:<\/em><\/th>\n<td>50 years old on average.<\/td>\n<\/tr>\n<tr>\n<th><em>Training system:<\/em><\/th>\n<td><span class=\"textgras\"><span class=\"textgras\">small arcure ( bending of canes), 6 to 8 buds. Natural fertilizing, soil ploughing, yield control. <b>Our vine-growing approach obeys 2 principles :<\/b><br \/>\n<b> &#8211; an environmentally-concerned agriculture.<br \/>\n&#8211; a rational pest control.<\/b><\/span> <\/span><\/td>\n<\/tr>\n<tr>\n<th><em> Harvest: <\/em><\/th>\n<td>hand-picking, slight crushing, pneumatic press, static settling.<\/td>\n<\/tr>\n<tr>\n<th><em>Winemaking: <\/em><\/th>\n<td>the fermentation is achieved in thermoregulated vats at around 18\u00b0 C.<\/td>\n<\/tr>\n<tr>\n<th><em>Characteristics: <\/em><\/th>\n<td>light pale yellow colour ( white flower with exotic undertones). Mineral finishing aromas. In spite of its structure, it lingers with finesse and elegance.<\/td>\n<\/tr>\n<tr>\n<th><em>Cellar storing: <\/em><\/th>\n<td>4 to 6 years depending on the strength of the vintage.<\/td>\n<\/tr>\n<tr>\n<th><em>Food and wine match:<\/em><\/th>\n<td>perfectly well-suited with steamed saltwater fish and freshwater fish cooked in butter sauce ; chicken roasted in lemon juice. Yet, you can also appreciate it on its own as an ap\u00e9ritif. Best when served between 12 and 13\u00b0 C.<\/td>\n<\/tr>\n<\/tbody>\n<\/table>\n<p><\/p><\/div><br \/>\n<div class=\"col-sm-4\">\n<p><a href=\"https:\/\/www.domaine-feuillarde.com\/wp-content\/uploads\/2014\/06\/pouilly-fuisse-cuvee-tradition.jpg\"><img loading=\"lazy\" decoding=\"async\" class=\"aligncenter wp-image-311 size-medium img-responsive\" src=\"https:\/\/www.domaine-feuillarde.com\/wp-content\/uploads\/2014\/06\/pouilly-fuisse-cuvee-tradition-176x500.jpg\" alt=\"Pouilly Fuiss\u00e9 Cuv\u00e9e Tradition\" width=\"176\" height=\"500\" srcset=\"https:\/\/www.domaine-feuillarde.com\/wp-content\/uploads\/2014\/06\/pouilly-fuisse-cuvee-tradition-176x500.jpg 176w, https:\/\/www.domaine-feuillarde.com\/wp-content\/uploads\/2014\/06\/pouilly-fuisse-cuvee-tradition.jpg 300w\" sizes=\"auto, (max-width: 176px) 100vw, 176px\" \/><\/a><\/p>\n<p><\/p><\/div><br \/>\n<\/div>\n","protected":false},"excerpt":{"rendered":"","protected":false},"author":1,"featured_media":0,"parent":440,"menu_order":0,"comment_status":"closed","ping_status":"closed","template":"vins.php","meta":{"footnotes":""},"class_list":["post-468","page","type-page","status-publish","hentry"],"_links":{"self":[{"href":"https:\/\/www.domaine-feuillarde.com\/en\/wp-json\/wp\/v2\/pages\/468","targetHints":{"allow":["GET"]}}],"collection":[{"href":"https:\/\/www.domaine-feuillarde.com\/en\/wp-json\/wp\/v2\/pages"}],"about":[{"href":"https:\/\/www.domaine-feuillarde.com\/en\/wp-json\/wp\/v2\/types\/page"}],"author":[{"embeddable":true,"href":"https:\/\/www.domaine-feuillarde.com\/en\/wp-json\/wp\/v2\/users\/1"}],"replies":[{"embeddable":true,"href":"https:\/\/www.domaine-feuillarde.com\/en\/wp-json\/wp\/v2\/comments?post=468"}],"version-history":[{"count":25,"href":"https:\/\/www.domaine-feuillarde.com\/en\/wp-json\/wp\/v2\/pages\/468\/revisions"}],"predecessor-version":[{"id":1738,"href":"https:\/\/www.domaine-feuillarde.com\/en\/wp-json\/wp\/v2\/pages\/468\/revisions\/1738"}],"up":[{"embeddable":true,"href":"https:\/\/www.domaine-feuillarde.com\/en\/wp-json\/wp\/v2\/pages\/440"}],"wp:attachment":[{"href":"https:\/\/www.domaine-feuillarde.com\/en\/wp-json\/wp\/v2\/media?parent=468"}],"curies":[{"name":"wp","href":"https:\/\/api.w.org\/{rel}","templated":true}]}}