{"id":478,"date":"2014-07-28T13:01:51","date_gmt":"2014-07-28T12:01:51","guid":{"rendered":"https:\/\/www.domaine-feuillarde.com\/?page_id=478"},"modified":"2025-05-21T09:35:52","modified_gmt":"2025-05-21T08:35:52","slug":"saint-veran-cuvee-tradition","status":"publish","type":"page","link":"https:\/\/www.domaine-feuillarde.com\/en\/our-wines\/saint-veran-cuvee-tradition\/","title":{"rendered":"Saint-V\u00e9ran Cuv\u00e9e Tradition 2024"},"content":{"rendered":"<div class=\"row\"> <div class=\"col-sm-8\">\n<p class=\"encart_caveau\">Nez ouvert, bouche en harmonie avec les ar\u00f4mes du nez, p\u00eache, citron. Attaque franche et vive, bonne longueur.<\/p>\n<p><a href=\"https:\/\/www.domaine-feuillarde.com\/wp-content\/uploads\/2014\/06\/lstveran.gif\"><img loading=\"lazy\" decoding=\"async\" class=\"alignright size-full wp-image-68 img-responsive\" src=\"https:\/\/www.domaine-feuillarde.com\/wp-content\/uploads\/2014\/06\/lstveran.gif\" alt=\"lstveran\" width=\"110\" height=\"64\" \/><\/a><\/p>\n<p><a href=\"https:\/\/www.domaine-feuillarde.com\/wp-content\/uploads\/2025\/05\/saint-veran-cuvee-tradition-2024.jpg\"><img loading=\"lazy\" decoding=\"async\" class=\"aligncenter wp-image-1371 size-medium img-responsive\" src=\"https:\/\/www.domaine-feuillarde.com\/wp-content\/uploads\/2025\/05\/saint-veran-cuvee-tradition-2024.jpg\" alt=\"\" width=\"600\" height=\"437\" \/><\/a>\u00a0<\/p>\n<p>&nbsp;<\/p>\n<table>\n<tbody>\n<tr>\n<th><em> Vine location:<\/em><\/th>\n<td>village of Priss\u00e9 : F 71960.<\/td>\n<\/tr>\n<tr>\n<th><em>Type of soil: <\/em><\/th>\n<td>Jurassic clay and chalk soil of quaternary formation.<\/td>\n<\/tr>\n<tr>\n<th><em>Exposure:<\/em><\/th>\n<td>South to South-West with maximum sunshine on the hillside.<\/td>\n<\/tr>\n<tr>\n<th><em>Grape variety: <\/em><\/th>\n<td>100% Chardonnay.<\/td>\n<\/tr>\n<tr>\n<th><em> Vine age:<\/em><\/th>\n<td>The average is 40 years old.<\/td>\n<\/tr>\n<tr>\n<th><em>Training system:<\/em><\/th>\n<td>Arcure (bending of canes) ang Guyot, ploughing, natural fertilizing, grape quantity control.<\/td>\n<\/tr>\n<tr>\n<th><em> Harvest: <\/em><\/th>\n<td>Hand-picking, incoming grapes processed by gravity, cold static settling and press juice selection. Gentle pneumatic pressing.<\/td>\n<\/tr>\n<tr>\n<th><em>Winemaking: <\/em><\/th>\n<td>Fermentation achieved in thermoregulated stainless steel vats, malo-lactic fermentation entirely completed.<\/td>\n<\/tr>\n<tr>\n<th><em>Characteristics: <\/em><\/th>\n<td>The vat ageing enables a full expression of fruit freshness and finesse.<\/td>\n<\/tr>\n<tr>\n<th><em>Cellar storing: <\/em><\/th>\n<td>Should be drunk within 2 or 3 years to enjoy its freshness at its best. Thanks to its structure, you can also lay it down for 4 to 5 years.<\/td>\n<\/tr>\n<tr>\n<th><em>Food and wine match:<\/em><\/th>\n<td>As an ap\u00e9ritif. Good match with the plainest dishes as well as the most delicate ones : white meat, m\u00e9daillon, shellfish, fish, fruit pastries. The chef&#8217;s tip : cray-fish quenelle in St V\u00e9ran sauce.<\/td>\n<\/tr>\n<\/tbody>\n<\/table>\n<p><\/p><\/div> <div class=\"col-sm-4\">\n<p><a href=\"https:\/\/www.domaine-feuillarde.com\/wp-content\/uploads\/2014\/06\/saint-veran-cuvee-tradition.jpg\"><img loading=\"lazy\" decoding=\"async\" class=\"aligncenter wp-image-313 size-medium img-responsive\" src=\"https:\/\/www.domaine-feuillarde.com\/wp-content\/uploads\/2014\/06\/saint-veran-cuvee-tradition-176x500.jpg\" alt=\"Saint-V\u00e9ran cuv\u00e9e tradition\" width=\"176\" height=\"500\" srcset=\"https:\/\/www.domaine-feuillarde.com\/wp-content\/uploads\/2014\/06\/saint-veran-cuvee-tradition-176x500.jpg 176w, https:\/\/www.domaine-feuillarde.com\/wp-content\/uploads\/2014\/06\/saint-veran-cuvee-tradition-53x150.jpg 53w\" sizes=\"auto, (max-width: 176px) 100vw, 176px\" \/><\/a><\/p>\n<p><\/p><\/div> <\/div>\n","protected":false},"excerpt":{"rendered":"","protected":false},"author":1,"featured_media":0,"parent":440,"menu_order":0,"comment_status":"closed","ping_status":"closed","template":"vins.php","meta":{"footnotes":""},"class_list":["post-478","page","type-page","status-publish","hentry"],"_links":{"self":[{"href":"https:\/\/www.domaine-feuillarde.com\/en\/wp-json\/wp\/v2\/pages\/478","targetHints":{"allow":["GET"]}}],"collection":[{"href":"https:\/\/www.domaine-feuillarde.com\/en\/wp-json\/wp\/v2\/pages"}],"about":[{"href":"https:\/\/www.domaine-feuillarde.com\/en\/wp-json\/wp\/v2\/types\/page"}],"author":[{"embeddable":true,"href":"https:\/\/www.domaine-feuillarde.com\/en\/wp-json\/wp\/v2\/users\/1"}],"replies":[{"embeddable":true,"href":"https:\/\/www.domaine-feuillarde.com\/en\/wp-json\/wp\/v2\/comments?post=478"}],"version-history":[{"count":20,"href":"https:\/\/www.domaine-feuillarde.com\/en\/wp-json\/wp\/v2\/pages\/478\/revisions"}],"predecessor-version":[{"id":1736,"href":"https:\/\/www.domaine-feuillarde.com\/en\/wp-json\/wp\/v2\/pages\/478\/revisions\/1736"}],"up":[{"embeddable":true,"href":"https:\/\/www.domaine-feuillarde.com\/en\/wp-json\/wp\/v2\/pages\/440"}],"wp:attachment":[{"href":"https:\/\/www.domaine-feuillarde.com\/en\/wp-json\/wp\/v2\/media?parent=478"}],"curies":[{"name":"wp","href":"https:\/\/api.w.org\/{rel}","templated":true}]}}