{"id":480,"date":"2023-08-28T13:04:14","date_gmt":"2023-08-28T12:04:14","guid":{"rendered":"https:\/\/www.domaine-feuillarde.com\/?page_id=480"},"modified":"2025-05-21T09:42:45","modified_gmt":"2025-05-21T08:42:45","slug":"saint-veran-cuvee-prestige-fut-chene-maison-rouge","status":"publish","type":"page","link":"https:\/\/www.domaine-feuillarde.com\/en\/our-wines\/saint-veran-cuvee-prestige-fut-chene-maison-rouge\/","title":{"rendered":"Saint-V\u00e9ran Cuv\u00e9e Prestige F\u00fbt de Ch\u00eane &#8220;Maison Rouge&#8221; 2022"},"content":{"rendered":"<div class=\"row\"><br \/>\n<div class=\"col-sm-8\">\n<p><a href=\"https:\/\/www.domaine-feuillarde.com\/wp-content\/uploads\/2014\/06\/lstveran.gif\"><img loading=\"lazy\" decoding=\"async\" class=\"alignright size-medium wp-image-68 img-responsive\" src=\"https:\/\/www.domaine-feuillarde.com\/wp-content\/uploads\/2014\/06\/lstveran.gif\" alt=\"lstveran\" width=\"110\" height=\"64\" \/><\/a><\/p>\n<h2>The white gold of Burgundy\u00a0 \u00a0 \u00a0 \u00a0 \u00a0 \u00a0 \u00a0 \u00a0 \u00a0 \u00a0 \u00a0 \u00a0 \u00a0 \u00a0 <img loading=\"lazy\" decoding=\"async\" class=\" img-responsive\" style=\"font-size: 14px;\" src=\"https:\/\/enchantoir.fr\/cdn\/shop\/articles\/VIARGENT2023.jpg?v=1680010249\" alt=\"M\u00e9daille Argent - Concours des Vignerons Ind\u00e9pendants 2023 \u2013 Domaine de  l'Enchantoir\" width=\"90\" height=\"90\" \/><\/h2>\n<p class=\"encart_caveau\">An outstanding cuv\u00e9e with green and gold tints, and fine, floral aromas of white flowers and violets. It opens up widely in the mouth and finishes on vanilla and spice notes.<\/p>\n<p><a href=\"https:\/\/www.domaine-feuillarde.com\/wp-content\/uploads\/2025\/05\/saint-veran-cuvee-prestige-fut-chene-2022.jpg\"><img loading=\"lazy\" decoding=\"async\" class=\"aligncenter wp-image-1367 size-medium img-responsive\" src=\"https:\/\/www.domaine-feuillarde.com\/wp-content\/uploads\/2025\/05\/saint-veran-cuvee-prestige-fut-chene-2022.jpg\" alt=\"\" width=\"600\" height=\"436\" \/><\/a><\/p>\n<div style=\"clear: both;\">\u00a0<\/div>\n<p>&nbsp;<\/p>\n<table>\n<tbody>\n<tr>\n<th><em> Vine location:<\/em><\/th>\n<td>village of Priss\u00e9 : F 71960.<\/td>\n<\/tr>\n<tr>\n<th><em>Type of soil: <\/em><\/th>\n<td>Jurassic clay and chalk soil of quaternary formation which is stony and filtering.<\/td>\n<\/tr>\n<tr>\n<th><em>Exposure:<\/em><\/th>\n<td>South to South-West with maximum sunshine on the hillside.<\/td>\n<\/tr>\n<tr>\n<th><em>Grape variety: <\/em><\/th>\n<td>100% Chardonnay.<\/td>\n<\/tr>\n<tr>\n<th><em> Vine age:<\/em><\/th>\n<td>80 years old.<\/td>\n<\/tr>\n<tr>\n<th><em>Training system:<\/em><\/th>\n<td>simple Guyot with 8 buds maximum, ploughing, natural fertilizing, cluster thinning, yield monitoring.<\/td>\n<\/tr>\n<tr>\n<th><em> Harvest: <\/em><\/th>\n<td>Hand-picking, incoming grapes processed by gravity, cold static settling and press juice selection. Gentle pneumatic pressing.<\/td>\n<\/tr>\n<tr>\n<th><em>Winemaking: <\/em><\/th>\n<td>Alcoholic fermentation achieved in casks for 15 to 30% of the cuv\u00e9e&#8217;s volume, vinification during 11 months in fine grained oak &#8221; pi\u00e8ces &#8221; (Burgundy traditional barrels) ; external yeasts are NOT added. Malo-lactic fermentation entirely completed, ageing on fine lees which are regularly stirred.<\/td>\n<\/tr>\n<tr>\n<th><em>Characteristics: <\/em><\/th>\n<td>The oak ageing allows all the complexity of fully ripe grapes to stand out and provides the balancing vanilla undertones while the other part of the cuv\u00e9e, being aged in vats, will preserve the fruit aromas. This wine is both powerful and very delicate.<\/td>\n<\/tr>\n<tr>\n<th><em>Cellar storing: <\/em><\/th>\n<td>Cellar storing : 6 to 8 years, but wait a bit to discover it at its best.<\/td>\n<\/tr>\n<tr>\n<th><em>Food and wine match:<\/em><\/th>\n<td>Should be served between 12 an 14\u00b0C. Fish in creamy sauce, foie gras, sea-food gratin, Bresse poultry, cream sauce and mushrooms.<\/td>\n<\/tr>\n<\/tbody>\n<\/table>\n<p><\/p><\/div><br \/>\n<div class=\"col-sm-4\">\n<p>&nbsp;<\/p>\n<p><a href=\"https:\/\/www.google.fr\/url?sa=i&amp;rct=j&amp;q=&amp;esrc=s&amp;source=images&amp;cd=&amp;ved=2ahUKEwjWkcCU8r3iAhUxAWMBHbqcDJkQjRx6BAgBEAU&amp;url=https%3A%2F%2Fwww.domainedemassereau.com%2F887-actualites%2F2797-2019-medailles-aux-vignerons-independants.html&amp;psig=AOvVaw1fkb00fe-WXfkPncw9UYVL&amp;ust=1559121439883143\" target=\"_blank\" rel=\"noopener noreferrer\" data-cthref=\"\/url?sa=i&amp;rct=j&amp;q=&amp;esrc=s&amp;source=images&amp;cd=&amp;ved=2ahUKEwjWkcCU8r3iAhUxAWMBHbqcDJkQjRx6BAgBEAU&amp;url=https%3A%2F%2Fwww.domainedemassereau.com%2F887-actualites%2F2797-2019-medailles-aux-vignerons-independants.html&amp;psig=AOvVaw1fkb00fe-WXfkPncw9UYVL&amp;ust=1559121439883143\" data-ved=\"2ahUKEwjWkcCU8r3iAhUxAWMBHbqcDJkQjRx6BAgBEAU\"><!-- x-tinymce\/html --><\/a><\/p>\n<p>&nbsp;<\/p>\n<p>\u00a0<a href=\"https:\/\/www.domaine-feuillarde.com\/wp-content\/uploads\/2014\/06\/saint-veran-maison-rouge-prestige.jpg\"><img loading=\"lazy\" decoding=\"async\" class=\"aligncenter wp-image-837 img-responsive\" src=\"https:\/\/www.domaine-feuillarde.com\/wp-content\/uploads\/2014\/06\/saint-veran-maison-rouge-prestige-211x600.jpg\" alt=\"Saint-V\u00e9ran Cuv\u00e9e Prestige F\u00fbt de Ch\u00eane \u00ab Maison Rouge \u00bb \" width=\"176\" height=\"500\" srcset=\"https:\/\/www.domaine-feuillarde.com\/wp-content\/uploads\/2014\/06\/saint-veran-maison-rouge-prestige-211x600.jpg 211w, https:\/\/www.domaine-feuillarde.com\/wp-content\/uploads\/2014\/06\/saint-veran-maison-rouge-prestige.jpg 300w\" sizes=\"auto, (max-width: 176px) 100vw, 176px\" \/><\/a><\/p>\n<p>&nbsp;<\/p>\n<p><\/p><\/div><br \/>\n<\/div>\n","protected":false},"excerpt":{"rendered":"","protected":false},"author":1,"featured_media":0,"parent":440,"menu_order":0,"comment_status":"closed","ping_status":"closed","template":"vins.php","meta":{"footnotes":""},"class_list":["post-480","page","type-page","status-publish","hentry"],"_links":{"self":[{"href":"https:\/\/www.domaine-feuillarde.com\/en\/wp-json\/wp\/v2\/pages\/480","targetHints":{"allow":["GET"]}}],"collection":[{"href":"https:\/\/www.domaine-feuillarde.com\/en\/wp-json\/wp\/v2\/pages"}],"about":[{"href":"https:\/\/www.domaine-feuillarde.com\/en\/wp-json\/wp\/v2\/types\/page"}],"author":[{"embeddable":true,"href":"https:\/\/www.domaine-feuillarde.com\/en\/wp-json\/wp\/v2\/users\/1"}],"replies":[{"embeddable":true,"href":"https:\/\/www.domaine-feuillarde.com\/en\/wp-json\/wp\/v2\/comments?post=480"}],"version-history":[{"count":33,"href":"https:\/\/www.domaine-feuillarde.com\/en\/wp-json\/wp\/v2\/pages\/480\/revisions"}],"predecessor-version":[{"id":1743,"href":"https:\/\/www.domaine-feuillarde.com\/en\/wp-json\/wp\/v2\/pages\/480\/revisions\/1743"}],"up":[{"embeddable":true,"href":"https:\/\/www.domaine-feuillarde.com\/en\/wp-json\/wp\/v2\/pages\/440"}],"wp:attachment":[{"href":"https:\/\/www.domaine-feuillarde.com\/en\/wp-json\/wp\/v2\/media?parent=480"}],"curies":[{"name":"wp","href":"https:\/\/api.w.org\/{rel}","templated":true}]}}