{"id":486,"date":"2023-08-28T13:08:28","date_gmt":"2023-08-28T12:08:28","guid":{"rendered":"https:\/\/www.domaine-feuillarde.com\/?page_id=486"},"modified":"2025-05-21T09:33:45","modified_gmt":"2025-05-21T08:33:45","slug":"saint-veran-vieilles-vignes-maison-rouge","status":"publish","type":"page","link":"https:\/\/www.domaine-feuillarde.com\/en\/our-wines\/saint-veran-vieilles-vignes-maison-rouge\/","title":{"rendered":"Saint-V\u00e9ran Vieilles Vignes &#8220;Maison Rouge&#8221; 2023"},"content":{"rendered":"<div class=\"row\"><br \/>\n<div class=\"col-sm-8\">\n<p class=\"encart_caveau\">Nez nuanc\u00e9 de fruit m\u00fbr et fleur blanche. Robe jaune dor\u00e9e, bouche ronde et charmeuse, final frais et min\u00e9ral.<\/p>\n<table style=\"width: 100%;\" cellpadding=\"20\">\n<tbody>\n<tr>\n<td><a href=\"https:\/\/www.domaine-feuillarde.com\/wp-content\/uploads\/2025\/05\/saint-veran-vieilles-vignes-maison-rouge-2023.jpg\"><img loading=\"lazy\" decoding=\"async\" class=\"aligncenter wp-image-1287 size-medium img-responsive\" src=\"https:\/\/www.domaine-feuillarde.com\/wp-content\/uploads\/2025\/05\/saint-veran-vieilles-vignes-maison-rouge-2023.jpg\" alt=\"Saint-V\u00e9ran Vieilles Vignes  &quot;Maison Rouge&quot; 2017\" width=\"600\" height=\"428\" \/><\/a><\/td>\n<td>&nbsp;<\/td>\n<\/tr>\n<\/tbody>\n<\/table>\n<table>\n<tbody>\n<tr>\n<th><em> Vine location:<\/em><\/th>\n<td>village of Priss\u00e9 : F 71960.<\/td>\n<\/tr>\n<tr>\n<th><em>Type of soil: <\/em><\/th>\n<td>Jurassic clay and chalk soil of quaternary formation which is stony and filtering.<\/td>\n<\/tr>\n<tr>\n<th><em>Exposure:<\/em><\/th>\n<td>South West on the hillside, enjoying maximum sunshine.<\/td>\n<\/tr>\n<tr>\n<th><em>Grape variety: <\/em><\/th>\n<td>100% Chardonnay.<\/td>\n<\/tr>\n<tr>\n<th><em> Vine age:<\/em><\/th>\n<td>80 years old.<\/td>\n<\/tr>\n<tr>\n<th><em>Training system:<\/em><\/th>\n<td>Simple Guyot, ploughing, cluster thinning, natural fertilizing.<\/td>\n<\/tr>\n<tr>\n<th><em> Harvest: <\/em><\/th>\n<td>Hand-picking, incoming grapes processed by gravity, cold static settling and press juice selection. Gentle pneumatic pressing.<\/td>\n<\/tr>\n<tr>\n<th><em>Winemaking: <\/em><\/th>\n<td>Fermentation achieved in thermoregulated stainless steel vats, vinification from very clear musts, external yeasts are NOT added. Malo-lactic fermentation entirely completed.<\/td>\n<\/tr>\n<tr>\n<th><em>Characteristics: <\/em><\/th>\n<td>Very powerful, rich wine with a lot of fat and complexity, generous and very fragrant on the palate.<\/td>\n<\/tr>\n<tr>\n<th><em>Cellar storing: <\/em><\/th>\n<td>Needs 2 years to be at its best. You can lay it down for 6 to 8 years.<\/td>\n<\/tr>\n<tr>\n<th><em>Food and wine match:<\/em><\/th>\n<td>Should be served between 12 and 14\u00b0C. Perfect with delicate food : fish, shellfish, quenelle, snails, white meat and poultry..<\/td>\n<\/tr>\n<\/tbody>\n<\/table>\n<p><\/p><\/div><br \/>\n<div class=\"col-sm-4\">\n<p>&nbsp;<\/p>\n<p>&nbsp;<\/p>\n<p><img loading=\"lazy\" decoding=\"async\" class=\" img-responsive\" src=\"https:\/\/enchantoir.fr\/cdn\/shop\/articles\/VIARGENT2023.jpg?v=1680010249\" alt=\"M\u00e9daille Argent - Concours des Vignerons Ind\u00e9pendants 2023 \u2013 Domaine de  l'Enchantoir\" width=\"90\" height=\"90\" \/><\/p>\n<p>&nbsp;<\/p>\n<p><a href=\"https:\/\/www.domaine-feuillarde.com\/wp-content\/uploads\/2014\/06\/saint-veran-vieilles-vignes-small.jpg\"><img loading=\"lazy\" decoding=\"async\" class=\"aligncenter wp-image-315 size-medium img-responsive\" src=\"https:\/\/www.domaine-feuillarde.com\/wp-content\/uploads\/2014\/06\/saint-veran-vieilles-vignes-small-176x500.jpg\" alt=\" Saint-V\u00e9ran Vieilles Vignes \" width=\"176\" height=\"500\" srcset=\"https:\/\/www.domaine-feuillarde.com\/wp-content\/uploads\/2014\/06\/saint-veran-vieilles-vignes-small-176x500.jpg 176w, https:\/\/www.domaine-feuillarde.com\/wp-content\/uploads\/2014\/06\/saint-veran-vieilles-vignes-small.jpg 300w\" sizes=\"auto, (max-width: 176px) 100vw, 176px\" \/><\/a><\/p>\n<p><\/p><\/div><br \/>\n<\/div>\n","protected":false},"excerpt":{"rendered":"","protected":false},"author":1,"featured_media":0,"parent":440,"menu_order":0,"comment_status":"closed","ping_status":"closed","template":"vins.php","meta":{"footnotes":""},"class_list":["post-486","page","type-page","status-publish","hentry"],"_links":{"self":[{"href":"https:\/\/www.domaine-feuillarde.com\/en\/wp-json\/wp\/v2\/pages\/486","targetHints":{"allow":["GET"]}}],"collection":[{"href":"https:\/\/www.domaine-feuillarde.com\/en\/wp-json\/wp\/v2\/pages"}],"about":[{"href":"https:\/\/www.domaine-feuillarde.com\/en\/wp-json\/wp\/v2\/types\/page"}],"author":[{"embeddable":true,"href":"https:\/\/www.domaine-feuillarde.com\/en\/wp-json\/wp\/v2\/users\/1"}],"replies":[{"embeddable":true,"href":"https:\/\/www.domaine-feuillarde.com\/en\/wp-json\/wp\/v2\/comments?post=486"}],"version-history":[{"count":36,"href":"https:\/\/www.domaine-feuillarde.com\/en\/wp-json\/wp\/v2\/pages\/486\/revisions"}],"predecessor-version":[{"id":1734,"href":"https:\/\/www.domaine-feuillarde.com\/en\/wp-json\/wp\/v2\/pages\/486\/revisions\/1734"}],"up":[{"embeddable":true,"href":"https:\/\/www.domaine-feuillarde.com\/en\/wp-json\/wp\/v2\/pages\/440"}],"wp:attachment":[{"href":"https:\/\/www.domaine-feuillarde.com\/en\/wp-json\/wp\/v2\/media?parent=486"}],"curies":[{"name":"wp","href":"https:\/\/api.w.org\/{rel}","templated":true}]}}