{"id":789,"date":"2014-07-28T14:31:22","date_gmt":"2014-07-28T13:31:22","guid":{"rendered":"https:\/\/www.domaine-feuillarde.com\/charte-vignerons-independants-2\/"},"modified":"2015-11-19T11:28:36","modified_gmt":"2015-11-19T10:28:36","slug":"charte-vignerons-independants","status":"publish","type":"page","link":"https:\/\/www.domaine-feuillarde.com\/en\/charte-vignerons-independants\/","title":{"rendered":"La Charte des Vignerons Ind\u00e9pendants"},"content":{"rendered":"<h2><a href=\"https:\/\/www.domaine-feuillarde.com\/wp-content\/uploads\/2014\/06\/vignerons-independants.png\"><img loading=\"lazy\" decoding=\"async\" class=\"alignright size-full wp-image-299 img-responsive\" src=\"https:\/\/www.domaine-feuillarde.com\/wp-content\/uploads\/2014\/06\/vignerons-independants.png\" alt=\"Vignerons independants\" width=\"204\" height=\"289\" srcset=\"https:\/\/www.domaine-feuillarde.com\/wp-content\/uploads\/2014\/06\/vignerons-independants.png 204w, https:\/\/www.domaine-feuillarde.com\/wp-content\/uploads\/2014\/06\/vignerons-independants-105x150.png 105w\" sizes=\"auto, (max-width: 204px) 100vw, 204px\" \/><\/a>Vigneron ind\u00e9pendant : plus qu&#8217;un m\u00e9tier, un art.<\/h2>\n<p>Humez son vin, laissez lentement se lib\u00e9rer ses subtils ar\u00f4mes, admirez sa robe avant de savourer les premi\u00e8res gouttes de ce pr\u00e9cieux breuvage&#8230; Que votre plaisir soit total. C&#8217;est l\u00e0 toute l&#8217;ambition du vigneron ind\u00e9pendant, qui consacre son savoir-faire \u00e0 vous apporter un vin authentique, sinc\u00e8re, qui peut se d\u00e9guster les yeux ferm\u00e9s. Ce vigneron en est pleinement responsable, car il assume tous les m\u00e9tiers du vin : il plante les ceps, cultive sa vigne, assure toute la vinification et commercialise lui-m\u00eame le produit qu&#8217;il juge digne de satisfaire vos papilles. Maintenant ou dans quelques ann\u00e9es&#8230;<\/p>\n<h2>Regardez bien ce signe&#8230;<\/h2>\n<p>Vous le retrouverez sur les bouteilles, les \u00e9tiquettes ou les capsules de vins et d&#8217;eaux de vie des 10 000 vignerons ind\u00e9pendants qui respectent la charte du Vigneron Ind\u00e9pendant. C&#8217;est l&#8217;embl\u00e8me de professionnels responsables, cr\u00e9ateurs passionn\u00e9s et respectueux d&#8217;un savoir-faire mill\u00e9naire. Ils vous invitent \u00e0 d\u00e9couvrir un produit authentique et franc, qui n&#8217;attend que de s&#8217;\u00e9panouir dans votre palais.<\/p>\n<h2>Une passion \u00e0 partager<\/h2>\n<p>Passion, authenticit\u00e9, tradition, amour du travail bien fait&#8230; C&#8217;est toute l&#8217;\u00e2me du vin, ce sont toutes les valeurs qui vous touchent, les m\u00eames que le vigneron ind\u00e9pendant d\u00e9fend en permanence. Et il les perp\u00e9tue dans une viticulture qui se modernise.<\/p>\n<p>&nbsp;<\/p>\n<p style=\"text-align: center;\">Pour le vigneron ce logo est l&#8217;embl\u00e8me de son m\u00e9tier&#8230;<br \/>&#8220;Le vigneron respecte son terroir, travaille sa vigne, r\u00e9colte son raisin, vinifie et \u00e9l\u00e8ve son vin,<br \/>met sa production en bouteille dans sa cave, commercialise ses produits,<br \/>se perfectionne dans le respect de la tradition,<br \/>accueille, conseille la d\u00e9gustation et prend plaisir \u00e0 pr\u00e9senter le fruit de son travail et de sa culture.&#8221;<br \/>&#8230; pour l&#8217;amateur de vin, c&#8217;est une r\u00e9f\u00e9rence !<\/p>\n<p style=\"text-align: center;\">\u00a0<\/p>\n<table cellspacing=\"20\" cellpadding=\"20\" align=\"center\">\n<tbody>\n<tr>\n<td>\u00a0<a href=\"https:\/\/www.domaine-feuillarde.com\/wp-content\/uploads\/2014\/06\/image9.jpg\"><img loading=\"lazy\" decoding=\"async\" class=\"aligncenter size-thumbnail wp-image-290 img-responsive\" src=\"https:\/\/www.domaine-feuillarde.com\/wp-content\/uploads\/2014\/06\/image9-150x112.jpg\" alt=\"Les Vendanges au Domaine de la Feuillarde\" width=\"150\" height=\"112\" srcset=\"https:\/\/www.domaine-feuillarde.com\/wp-content\/uploads\/2014\/06\/image9-150x112.jpg 150w, https:\/\/www.domaine-feuillarde.com\/wp-content\/uploads\/2014\/06\/image9-600x450.jpg 600w, https:\/\/www.domaine-feuillarde.com\/wp-content\/uploads\/2014\/06\/image9.jpg 720w\" sizes=\"auto, (max-width: 150px) 100vw, 150px\" \/><\/a><\/td>\n<td>\u00a0<a href=\"https:\/\/www.domaine-feuillarde.com\/wp-content\/uploads\/2014\/07\/Lucien-Thomas.jpg\"><img loading=\"lazy\" decoding=\"async\" class=\"aligncenter size-full wp-image-369 img-responsive\" src=\"https:\/\/www.domaine-feuillarde.com\/wp-content\/uploads\/2014\/07\/Lucien-Thomas.jpg\" alt=\"Lucien-Thomas\" width=\"133\" height=\"133\" \/><\/a><\/td>\n<td>\u00a0<a href=\"https:\/\/www.domaine-feuillarde.com\/wp-content\/uploads\/2014\/06\/saint-veran-cuvee-tradition.jpg\"><img loading=\"lazy\" decoding=\"async\" class=\"aligncenter size-thumbnail wp-image-313 img-responsive\" src=\"https:\/\/www.domaine-feuillarde.com\/wp-content\/uploads\/2014\/06\/saint-veran-cuvee-tradition-53x150.jpg\" alt=\"Saint-V\u00e9ran cuv\u00e9e tradition\" width=\"53\" height=\"150\" srcset=\"https:\/\/www.domaine-feuillarde.com\/wp-content\/uploads\/2014\/06\/saint-veran-cuvee-tradition-53x150.jpg 53w, https:\/\/www.domaine-feuillarde.com\/wp-content\/uploads\/2014\/06\/saint-veran-cuvee-tradition-176x500.jpg 176w, https:\/\/www.domaine-feuillarde.com\/wp-content\/uploads\/2014\/06\/saint-veran-cuvee-tradition.jpg 300w\" sizes=\"auto, (max-width: 53px) 100vw, 53px\" \/><\/a><\/td>\n<\/tr>\n<tr>\n<td style=\"text-align: center;\">\n<h3>Une vigne<\/h3>\n<\/td>\n<td style=\"text-align: center;\">\n<h3>Un vigneron<\/h3>\n<\/td>\n<td style=\"text-align: center;\">\n<h3>Un vin<\/h3>\n<\/td>\n<\/tr>\n<\/tbody>\n<\/table>\n<p style=\"text-align: center;\">\u00a0\u00a0\u00a0\u00a0<\/p>\n<p style=\"text-align: left;\"><a title=\"Les vignerons indpendants\" href=\"http:\/\/www.vigneron-independant.com\/\" target=\"_blank\">http:\/\/www.vigneron-independant.com\/<\/a><\/p>\n","protected":false},"excerpt":{"rendered":"<p>Vigneron ind\u00e9pendant : plus qu&#8217;un m\u00e9tier, un art. Humez son vin, laissez lentement se lib\u00e9rer ses subtils ar\u00f4mes, admirez sa robe avant de savourer les &hellip; <a href=\"https:\/\/www.domaine-feuillarde.com\/en\/charte-vignerons-independants\/\">Continued<\/a><\/p>\n","protected":false},"author":1,"featured_media":0,"parent":0,"menu_order":0,"comment_status":"closed","ping_status":"open","template":"","meta":{"footnotes":""},"class_list":["post-789","page","type-page","status-publish","hentry"],"_links":{"self":[{"href":"https:\/\/www.domaine-feuillarde.com\/en\/wp-json\/wp\/v2\/pages\/789","targetHints":{"allow":["GET"]}}],"collection":[{"href":"https:\/\/www.domaine-feuillarde.com\/en\/wp-json\/wp\/v2\/pages"}],"about":[{"href":"https:\/\/www.domaine-feuillarde.com\/en\/wp-json\/wp\/v2\/types\/page"}],"author":[{"embeddable":true,"href":"https:\/\/www.domaine-feuillarde.com\/en\/wp-json\/wp\/v2\/users\/1"}],"replies":[{"embeddable":true,"href":"https:\/\/www.domaine-feuillarde.com\/en\/wp-json\/wp\/v2\/comments?post=789"}],"version-history":[{"count":6,"href":"https:\/\/www.domaine-feuillarde.com\/en\/wp-json\/wp\/v2\/pages\/789\/revisions"}],"predecessor-version":[{"id":941,"href":"https:\/\/www.domaine-feuillarde.com\/en\/wp-json\/wp\/v2\/pages\/789\/revisions\/941"}],"wp:attachment":[{"href":"https:\/\/www.domaine-feuillarde.com\/en\/wp-json\/wp\/v2\/media?parent=789"}],"curies":[{"name":"wp","href":"https:\/\/api.w.org\/{rel}","templated":true}]}}